{"id":369,"date":"2021-04-12T10:18:11","date_gmt":"2021-04-12T14:18:11","guid":{"rendered":"https:\/\/www.snaeduca.cl\/liceo-agricola-tadeo-perry-barnes-ovalle\/?page_id=369"},"modified":"2025-08-11T12:53:43","modified_gmt":"2025-08-11T16:53:43","slug":"historia","status":"publish","type":"page","link":"https:\/\/test.snaeduca.cl\/liceo-agricola-tadeo-perry-barnes-ovalle\/historia\/","title":{"rendered":"Historia"},"content":{"rendered":"<p><img loading=\"lazy\" decoding=\"async\" class=\"aligncenter wp-image-1114\" src=\"https:\/\/test.snaeduca.cl\/liceo-agricola-tadeo-perry-barnes-ovalle\/wp-content\/uploads\/sites\/7\/2025\/08\/liceo-300x169.jpg\" alt=\"\" width=\"323\" height=\"182\" srcset=\"https:\/\/test.snaeduca.cl\/liceo-agricola-tadeo-perry-barnes-ovalle\/wp-content\/uploads\/sites\/7\/2025\/08\/liceo-300x169.jpg 300w, https:\/\/test.snaeduca.cl\/liceo-agricola-tadeo-perry-barnes-ovalle\/wp-content\/uploads\/sites\/7\/2025\/08\/liceo-1024x576.jpg 1024w, https:\/\/test.snaeduca.cl\/liceo-agricola-tadeo-perry-barnes-ovalle\/wp-content\/uploads\/sites\/7\/2025\/08\/liceo-768x432.jpg 768w, https:\/\/test.snaeduca.cl\/liceo-agricola-tadeo-perry-barnes-ovalle\/wp-content\/uploads\/sites\/7\/2025\/08\/liceo-1536x864.jpg 1536w, https:\/\/test.snaeduca.cl\/liceo-agricola-tadeo-perry-barnes-ovalle\/wp-content\/uploads\/sites\/7\/2025\/08\/liceo-2048x1152.jpg 2048w, https:\/\/test.snaeduca.cl\/liceo-agricola-tadeo-perry-barnes-ovalle\/wp-content\/uploads\/sites\/7\/2025\/08\/liceo-260x146.jpg 260w, https:\/\/test.snaeduca.cl\/liceo-agricola-tadeo-perry-barnes-ovalle\/wp-content\/uploads\/sites\/7\/2025\/08\/liceo-50x28.jpg 50w, https:\/\/test.snaeduca.cl\/liceo-agricola-tadeo-perry-barnes-ovalle\/wp-content\/uploads\/sites\/7\/2025\/08\/liceo-133x75.jpg 133w, https:\/\/test.snaeduca.cl\/liceo-agricola-tadeo-perry-barnes-ovalle\/wp-content\/uploads\/sites\/7\/2025\/08\/liceo-1200x675.jpg 1200w\" sizes=\"auto, (max-width: 323px) 100vw, 323px\" \/><\/p>\n<p>El Liceo Tadeo Perry Barnes, ubicado en la Avda. Tuqu\u00ed alto s\/n. Nace como Escuela Agr\u00edcola de Ovalle, en la categor\u00eda T\u00e9cnico profesional,\u00a0 ubicado en la Avda. Tuqu\u00ed alto s\/n. Nace como Escuela Agr\u00edcola de Ovalle, en la categor\u00eda T\u00e9cnico profesional, por iniciativa de don <strong>Tadeo Perry Barnes<\/strong>, con el prop\u00f3sito de brindar educaci\u00f3n agropecuaria a hijos de campesinos del Valle del Limar\u00ed.<\/p>\n<p>\u2022 1950: Es fundado con 20 alumnos, quienes asisten a clases en las dependencias del Internado del Liceo de Hombres \u201cAlejandro \u00c1lvarez Jofr\u00e9\u201d, y realizan sus pr\u00e1cticas en algunos fundos de la zona.<br \/>\n\u2022 1952: Se da inicio a la construcci\u00f3n del plantel en el sector Tuqu\u00ed alto, en un terreno donado por el Instituto de Econom\u00eda Agr\u00edcola.<br \/>\n\u2022 1955: Es inaugurado el Edificio en Tuqu\u00ed alto, se da inicio a las clases y es habilitado el Internado, con capacidad para 50 alumnos.<br \/>\n\u2022 1974: Recibe la denominaci\u00f3n Liceo Agr\u00edcola A-10 de Ovalle.<br \/>\n\u2022 1975: Con el ingreso de mujeres, se da inicio, de manera progresiva, a la modalidad mixta.<br \/>\n\u2022 1982: Pasa a ser administrado por CODESSER (Corporaci\u00f3n de Desarrollo Social del Sector Rural) dependiente de la Sociedad Nacional de Agricultura.<br \/>\n\u2022 1993: Recibe el nombre \u00abLiceo Tadeo Perry Barnes\u00bb<br \/>\n\u2022 2000: Es implementada la especialidad de Electricidad.<\/p>\n<p>Posee un predio agr\u00edcola con terrenos f\u00e9rtiles para el aprendizaje en el cultivo de hortalizas (al aire libre y en viveros), \u00e1rboles frutales, forestales y ornamentales; ganader\u00eda, apicultura, plantaci\u00f3n y cuidado de parronales de uva de exportaci\u00f3n y pisquera, todo mediante modernos m\u00e9todos de riego tecnificado, con el fin de optimizar recursos h\u00eddricos.<br \/>\nCuenta con amplias y c\u00f3modas salas de clases tem\u00e1ticas, campo deportivo, biblioteca y laboratorios de ciencia, meteorolog\u00eda e inform\u00e1tica.<\/p>\n<p>El Internado (s\u00f3lo masculino), tiene capacidad para 120 alumnos.<br \/>\nHa firmado convenios con Universidades e Instituciones de Educaci\u00f3n Superior, para la continuidad de estudios de sus ex alumnos, quienes egresan con el T\u00edtulo de T\u00e9cnico de nivel medio Agr\u00edcola y El\u00e9ctrico.<br \/>\nEs un Liceo abierto a la comunidad. Su complejo deportivo es utilizado por algunos clubes locales, jardines infantiles y otros, para distintas actividades recreativas.<br \/>\nTambi\u00e9n presta asesoramiento en cuidado de \u00e1reas verdes o construcci\u00f3n de invernaderos a establecimientos educacionales, juntas de vecinos y particulares.<br \/>\nDesde sus inicios como plantel educacional, el alumnado, se ha integrado y participa en diversas actividades extracurriculares con la comunidad de la Perla del Limar\u00ed.<br \/>\nEn la actualidad tiene una matr\u00edcula, aproximada, de 500 alumnos<br \/>\ny realizan sus pr\u00e1cticas en algunos fundos de la zona.<\/p>\n<p>&nbsp;<\/p>\n","protected":false},"excerpt":{"rendered":"<p>El Liceo Tadeo Perry Barnes, ubicado en la Avda. Tuqu\u00ed alto s\/n. Nace como Escuela Agr\u00edcola de Ovalle, en la categor\u00eda T\u00e9cnico profesional,\u00a0 ubicado en la<span class=\"excerpt-hellip\"> [\u2026]<\/span><\/p>\n","protected":false},"author":1,"featured_media":0,"parent":0,"menu_order":0,"comment_status":"closed","ping_status":"closed","template":"","meta":{"footnotes":""},"class_list":["post-369","page","type-page","status-publish","hentry"],"_links":{"self":[{"href":"https:\/\/test.snaeduca.cl\/liceo-agricola-tadeo-perry-barnes-ovalle\/wp-json\/wp\/v2\/pages\/369","targetHints":{"allow":["GET"]}}],"collection":[{"href":"https:\/\/test.snaeduca.cl\/liceo-agricola-tadeo-perry-barnes-ovalle\/wp-json\/wp\/v2\/pages"}],"about":[{"href":"https:\/\/test.snaeduca.cl\/liceo-agricola-tadeo-perry-barnes-ovalle\/wp-json\/wp\/v2\/types\/page"}],"author":[{"embeddable":true,"href":"https:\/\/test.snaeduca.cl\/liceo-agricola-tadeo-perry-barnes-ovalle\/wp-json\/wp\/v2\/users\/1"}],"replies":[{"embeddable":true,"href":"https:\/\/test.snaeduca.cl\/liceo-agricola-tadeo-perry-barnes-ovalle\/wp-json\/wp\/v2\/comments?post=369"}],"version-history":[{"count":9,"href":"https:\/\/test.snaeduca.cl\/liceo-agricola-tadeo-perry-barnes-ovalle\/wp-json\/wp\/v2\/pages\/369\/revisions"}],"predecessor-version":[{"id":1115,"href":"https:\/\/test.snaeduca.cl\/liceo-agricola-tadeo-perry-barnes-ovalle\/wp-json\/wp\/v2\/pages\/369\/revisions\/1115"}],"wp:attachment":[{"href":"https:\/\/test.snaeduca.cl\/liceo-agricola-tadeo-perry-barnes-ovalle\/wp-json\/wp\/v2\/media?parent=369"}],"curies":[{"name":"wp","href":"https:\/\/api.w.org\/{rel}","templated":true}]}}