{"id":130,"date":"2019-08-07T09:39:40","date_gmt":"2019-08-07T13:39:40","guid":{"rendered":"https:\/\/simpleshop.cl\/sna\/liceo-de-la-patagonia-coyhaique\/?page_id=130"},"modified":"2022-08-22T11:45:10","modified_gmt":"2022-08-22T15:45:10","slug":"historia","status":"publish","type":"page","link":"https:\/\/test.snaeduca.cl\/complejoeducacionalagricoladetalagante\/historia\/","title":{"rendered":"Historia"},"content":{"rendered":"<h6><a href=\"https:\/\/www.ceem.cl\/especialidades.htm\"><strong>El Complejo Educacional Ernesto M\u00fcller L\u00f3pez<\/strong><\/a>\u00a0nace por iniciativa del alcalde de la \u00e9poca <a href=\"https:\/\/www.ceem.cl\/nfundador.htm\"><strong>Sr. Ernesto M\u00fcller L\u00f3pez<\/strong><\/a> y un grupo de productores de Talagante, que so\u00f1aban con una Escuela Agr\u00edcola Regional. Es reconocido a partir del a\u00f1o 1989 como Instituci\u00f3n cooperadora de la funci\u00f3n Educacional del Estado, de Propiedad de la Ilustre Municipalidad de Talagante. Es administrado por la Corporaci\u00f3n Educacional SNA Educa, con vasta experiencia en Educaci\u00f3n T\u00e9cnico Profesional. El establecimiento es particular subvencionado gratuito T\u00e9cnico Profesional con dos especialidades Agropecuaria y Mec\u00e1nica Automotriz.<\/h6>\n<h6>El establecimiento es dirigido por la Sra. Claudia Pinochet.<\/h6>\n","protected":false},"excerpt":{"rendered":"<p>El Complejo Educacional Ernesto M\u00fcller L\u00f3pez\u00a0nace por iniciativa del alcalde de la \u00e9poca Sr. Ernesto M\u00fcller L\u00f3pez y un grupo de productores de Talagante, que so\u00f1aban<span class=\"excerpt-hellip\"> [\u2026]<\/span><\/p>\n","protected":false},"author":1,"featured_media":0,"parent":0,"menu_order":0,"comment_status":"closed","ping_status":"closed","template":"","meta":{"footnotes":""},"class_list":["post-130","page","type-page","status-publish","hentry"],"_links":{"self":[{"href":"https:\/\/test.snaeduca.cl\/complejoeducacionalagricoladetalagante\/wp-json\/wp\/v2\/pages\/130","targetHints":{"allow":["GET"]}}],"collection":[{"href":"https:\/\/test.snaeduca.cl\/complejoeducacionalagricoladetalagante\/wp-json\/wp\/v2\/pages"}],"about":[{"href":"https:\/\/test.snaeduca.cl\/complejoeducacionalagricoladetalagante\/wp-json\/wp\/v2\/types\/page"}],"author":[{"embeddable":true,"href":"https:\/\/test.snaeduca.cl\/complejoeducacionalagricoladetalagante\/wp-json\/wp\/v2\/users\/1"}],"replies":[{"embeddable":true,"href":"https:\/\/test.snaeduca.cl\/complejoeducacionalagricoladetalagante\/wp-json\/wp\/v2\/comments?post=130"}],"version-history":[{"count":11,"href":"https:\/\/test.snaeduca.cl\/complejoeducacionalagricoladetalagante\/wp-json\/wp\/v2\/pages\/130\/revisions"}],"predecessor-version":[{"id":537,"href":"https:\/\/test.snaeduca.cl\/complejoeducacionalagricoladetalagante\/wp-json\/wp\/v2\/pages\/130\/revisions\/537"}],"wp:attachment":[{"href":"https:\/\/test.snaeduca.cl\/complejoeducacionalagricoladetalagante\/wp-json\/wp\/v2\/media?parent=130"}],"curies":[{"name":"wp","href":"https:\/\/api.w.org\/{rel}","templated":true}]}}